{"id":490,"date":"2023-12-15T06:35:16","date_gmt":"2023-12-15T06:35:16","guid":{"rendered":"https:\/?page_id=490"},"modified":"2023-12-16T08:00:53","modified_gmt":"2023-12-16T08:00:53","slug":"entretie","status":"publish","type":"page","link":"https:\/\/bryos-terra.com\/?page_id=490","title":{"rendered":"Entretien"},"content":{"rendered":"\t\t<div data-elementor-type=\"wp-page\" data-elementor-id=\"490\" class=\"elementor elementor-490\">\n\t\t\t\t\t\t<section class=\"elementor-section elementor-top-section elementor-element elementor-element-8f78f46 elementor-section-stretched elementor-section-boxed elementor-section-height-default elementor-section-height-default\" data-id=\"8f78f46\" data-element_type=\"section\" data-e-type=\"section\" id=\"home\" data-settings=\"{&quot;stretch_section&quot;:&quot;section-stretched&quot;,&quot;background_background&quot;:&quot;classic&quot;}\">\n\t\t\t\t\t\t\t<div class=\"elementor-background-overlay\"><\/div>\n\t\t\t\t\t\t\t<div class=\"elementor-container elementor-column-gap-default\">\n\t\t\t\t\t<div class=\"elementor-column elementor-col-100 elementor-top-column elementor-element elementor-element-161da3f2 elementor-invisible\" data-id=\"161da3f2\" data-element_type=\"column\" data-e-type=\"column\" data-settings=\"{&quot;animation&quot;:&quot;fadeInUp&quot;}\">\n\t\t\t<div class=\"elementor-widget-wrap elementor-element-populated\">\n\t\t\t\t\t\t<div class=\"elementor-element elementor-element-44405ec8 elementor-widget elementor-widget-spacer\" data-id=\"44405ec8\" data-element_type=\"widget\" data-e-type=\"widget\" data-widget_type=\"spacer.default\">\n\t\t\t\t<div class=\"elementor-widget-container\">\n\t\t\t\t\t\t\t<div class=\"elementor-spacer\">\n\t\t\t<div class=\"elementor-spacer-inner\"><\/div>\n\t\t<\/div>\n\t\t\t\t\t\t<\/div>\n\t\t\t\t<\/div>\n\t\t\t\t<div class=\"elementor-element elementor-element-28153bfc elementor-widget elementor-widget-heading\" data-id=\"28153bfc\" data-element_type=\"widget\" data-e-type=\"widget\" data-settings=\"{&quot;_animation_tablet&quot;:&quot;fadeInUpShorter&quot;}\" data-widget_type=\"heading.default\">\n\t\t\t\t<div class=\"elementor-widget-container\">\n\t\t\t\t\t<h2 class=\"elementor-heading-title elementor-size-default\"><font color=\"#FFFFFFFC\">Entretien <\/font><br><b>TERRARIUM<\/b><\/font><\/h2>\t\t\t\t<\/div>\n\t\t\t\t<\/div>\n\t\t\t\t\t<\/div>\n\t\t<\/div>\n\t\t\t\t\t<\/div>\n\t\t<\/section>\n\t\t\t\t<section class=\"elementor-section elementor-top-section elementor-element elementor-element-7d82ca5 elementor-section-stretched elementor-section-boxed elementor-section-height-default elementor-section-height-default\" data-id=\"7d82ca5\" data-element_type=\"section\" data-e-type=\"section\" data-settings=\"{&quot;stretch_section&quot;:&quot;section-stretched&quot;,&quot;animation_tablet&quot;:&quot;fadeInUp&quot;}\">\n\t\t\t\t\t\t<div class=\"elementor-container elementor-column-gap-default\">\n\t\t\t\t\t<div class=\"elementor-column elementor-col-100 elementor-top-column elementor-element elementor-element-9bcb25f\" data-id=\"9bcb25f\" data-element_type=\"column\" data-e-type=\"column\">\n\t\t\t<div class=\"elementor-widget-wrap elementor-element-populated\">\n\t\t\t\t\t\t<div class=\"elementor-element elementor-element-5f8e7e4 elementor-widget elementor-widget-text-editor\" data-id=\"5f8e7e4\" data-element_type=\"widget\" data-e-type=\"widget\" data-widget_type=\"text-editor.default\">\n\t\t\t\t<div class=\"elementor-widget-container\">\n\t\t\t\t\t\t\t\t\t<h3>F\u00e9licitations ! Vous venez d\u2019adopter un jardin miniature !<b> <\/b><\/h3>\n<p>Apr\u00e8s sa r\u00e9cente arriv\u00e9e chez vous, votre tout nouveau Terrarium devra s&rsquo;acclimater \u00e0 son nouvel environnement. Cette phase n\u00e9cessitera un peu d\u2019attention, une fois la phase d\u2019acclimatation pass\u00e9e l\u2019entretient sera minime.<\/p>\n<p>Choisissez l\u2019emplacement de votre terrarium avec attention, ouvrez le couvercle et laissez le \u00e0 l\u2019air libre pendant 24 \u00e0 48h avant de refermer, surveillez ensuite le d\u00e9marrage du cycle de d\u2019eau.<\/p>\n<h3>Emplacement et Lumi\u00e8re<\/h3>\n<p>Votre terrarium est vivant, il a besoin de lumi\u00e8re. \u00c9vitez les recoins d\u2019\u00e9tag\u00e8res et les pi\u00e8ces sans fen\u00eatres (la lumi\u00e8re artificielle de nos appartements n\u2019est pas suffisante). Placez le Terrarium dans un endroit lumineux, mais \u00e9vitez une lumi\u00e8re directe ! Les rayons du soleil \u00e0 travers le verre br\u00fbleraient vos plantes ! En \u00e9t\u00e9, \u00e9loignez-le des fen\u00eatres; en hiver, rapprochez-le sans l&rsquo;exposer au soleil. Les terrariums ne sont pas tr\u00e8s exigeants en mati\u00e8re de temp\u00e9rature : une temp\u00e9rature entre 15 et 28 degr\u00e9s leur conviendra parfaitement.<\/p>\n<h3>Cycle de l\u2019eau<\/h3>\n<p>Surtout au cours des deux premi\u00e8res semaines, observez attentivement. La condensation sur les parois du bocal est normale, indiquant la vitalit\u00e9 de l&rsquo;\u00e9cosyst\u00e8me. Cependant la condensation est excessive si elle recouvre plus d\u2019un tiers du bocal et forme de grosses gouttes. Cela peut \u00eatre n\u00e9faste car la stagnation d\u2019air humide est propice au d\u00e9veloppement de moisissures et de bact\u00e9ries. R\u00e9duisez si besoin l&rsquo;humidit\u00e9 en ouvrant le terrarium pendant quelques heures. <br>Si au contraire aucune condensation n&rsquo;est observ\u00e9e, ajoutez le fond d\u2019un verre d\u2019eau en veillant \u00e0 ne pas noyer le terrarium. Il vaut mieux avoir \u00e0 remettre de l\u2019eau qu\u2019en avoir trop mis. Apr\u00e8s la phase d\u2019acclimatation l&rsquo;arrosage est rare, environ deux fois par an. <br>Si possible \u00e9vitez l\u2019eau du robinet, elle laissera des d\u00e9p\u00f4t calcaire sur le verre.<\/p>\n<h3>D\u00e9s\u00e9quilibre du cycle de l\u2019eau<\/h3>\n<p>Surveillez les signes de manque d&rsquo;eau. La mousse pr\u00e9sente dans les terrariums est le meilleur indicateur : elle doit \u00eatre verte et souple. Si elle devient r\u00eache et p\u00e2lit il est temps d\u2019arroser. Privil\u00e9giez des arrosages tr\u00e8s mod\u00e9r\u00e9s pour \u00e9viter l&rsquo;exc\u00e8s d&rsquo;humidit\u00e9. Si la mousse devient brune, l\u2019humidit\u00e9 est trop importante, ouvrez votre bocal pour laisser l\u2019exc\u00e8s d\u2019eau s\u2019\u00e9vaporer. <br>En cas de chaleur estivale intense, la condensation augmentera, il sera alors n\u00e9cessaire d\u2019ouvrir le bocal quelques heures.<\/p>\n<h3>La taille<\/h3>\n<p>Les plantes de votre terrarium poussent et grandissent, mais tr\u00e8s lentement. L&rsquo;entretien se r\u00e9sume \u00e0 deux gestes simples : nettoyez r\u00e9guli\u00e8rement pour retirer les feuilles mortes et taillez pour \u00e9viter tout contact avec les parois du Terrarium. En effet les feuilles coll\u00e9es \u00e0 la paroi peuvent pourrir. Refermez le bocal apr\u00e8s chaque intervention.<\/p>\n<p>Pour toutes questions, n&rsquo;h\u00e9sitez pas \u00e0 nous contacter \u00e0 <b>contact@<\/b><br><\/p>\t\t\t\t\t\t\t\t<\/div>\n\t\t\t\t<\/div>\n\t\t\t\t\t<\/div>\n\t\t<\/div>\n\t\t\t\t\t<\/div>\n\t\t<\/section>\n\t\t\t\t<\/div>\n\t\t","protected":false},"excerpt":{"rendered":"<p>Entretien TERRARIUM F\u00e9licitations ! Vous venez d\u2019adopter un jardin miniature ! Apr\u00e8s sa r\u00e9cente arriv\u00e9e chez vous, votre tout nouveau Terrarium devra s&rsquo;acclimater \u00e0 son nouvel environnement. Cette phase n\u00e9cessitera [&hellip;]<\/p>\n","protected":false},"author":1,"featured_media":0,"parent":0,"menu_order":0,"comment_status":"closed","ping_status":"closed","template":"","meta":{"_eb_attr":"","om_disable_all_campaigns":false,"_monsterinsights_skip_tracking":false,"_monsterinsights_sitenote_active":false,"_monsterinsights_sitenote_note":"","_monsterinsights_sitenote_category":0,"footnotes":""},"class_list":["post-490","page","type-page","status-publish","hentry"],"aioseo_notices":[],"jetpack_sharing_enabled":true,"_links":{"self":[{"href":"https:\/\/bryos-terra.com\/index.php?rest_route=\/wp\/v2\/pages\/490","targetHints":{"allow":["GET"]}}],"collection":[{"href":"https:\/\/bryos-terra.com\/index.php?rest_route=\/wp\/v2\/pages"}],"about":[{"href":"https:\/\/bryos-terra.com\/index.php?rest_route=\/wp\/v2\/types\/page"}],"author":[{"embeddable":true,"href":"https:\/\/bryos-terra.com\/index.php?rest_route=\/wp\/v2\/users\/1"}],"replies":[{"embeddable":true,"href":"https:\/\/bryos-terra.com\/index.php?rest_route=%2Fwp%2Fv2%2Fcomments&post=490"}],"version-history":[{"count":47,"href":"https:\/\/bryos-terra.com\/index.php?rest_route=\/wp\/v2\/pages\/490\/revisions"}],"predecessor-version":[{"id":550,"href":"https:\/\/bryos-terra.com\/index.php?rest_route=\/wp\/v2\/pages\/490\/revisions\/550"}],"wp:attachment":[{"href":"https:\/\/bryos-terra.com\/index.php?rest_route=%2Fwp%2Fv2%2Fmedia&parent=490"}],"curies":[{"name":"wp","href":"https:\/\/api.w.org\/{rel}","templated":true}]}}